{"id":12,"date":"2018-06-28T12:46:18","date_gmt":"2018-06-28T10:46:18","guid":{"rendered":"http:\/\/www.deco-international.com\/?page_id=12"},"modified":"2024-02-10T18:06:48","modified_gmt":"2024-02-10T17:06:48","slug":"ueber-deco","status":"publish","type":"page","link":"https:\/\/www.deco-international.com\/?page_id=12","title":{"rendered":"\u00dcber DECO"},"content":{"rendered":"<div id=\"pl-12\"  class=\"panel-layout\" ><div id=\"pg-12-0\"  class=\"panel-grid panel-no-style\" ><div id=\"pgc-12-0-0\"  class=\"panel-grid-cell\" ><div id=\"panel-12-0-0-0\" class=\"so-panel widget widget_sow-editor panel-first-child\" data-index=\"0\" ><div\n\t\t\t\n\t\t\tclass=\"so-widget-sow-editor so-widget-sow-editor-base\"\n\t\t\t\n\t\t>\n<div class=\"siteorigin-widget-tinymce textwidget\">\n\t<h2 style=\"text-align: center;\">\u00dcber DECO International<\/h2>\n<\/div>\n<\/div><\/div><div id=\"panel-12-0-0-1\" class=\"so-panel widget widget_sow-image\" data-index=\"1\" ><div\n\t\t\t\n\t\t\tclass=\"so-widget-sow-image so-widget-sow-image-default-c67d20f9f743-12\"\n\t\t\t\n\t\t>\n<div class=\"sow-image-container\">\n\t\t<img \n\tsrc=\"https:\/\/www.deco-international.com\/wp-content\/uploads\/2018\/10\/diving2.jpeg\" width=\"640\" height=\"426\" srcset=\"https:\/\/www.deco-international.com\/wp-content\/uploads\/2018\/10\/diving2.jpeg 640w, https:\/\/www.deco-international.com\/wp-content\/uploads\/2018\/10\/diving2-300x200.jpeg 300w, https:\/\/www.deco-international.com\/wp-content\/uploads\/2018\/10\/diving2-616x410.jpeg 616w, https:\/\/www.deco-international.com\/wp-content\/uploads\/2018\/10\/diving2-272x182.jpeg 272w\" sizes=\"(max-width: 640px) 100vw, 640px\" alt=\"\" \t\tclass=\"so-widget-image\"\/>\n\t<\/div>\n\n<\/div><\/div><div id=\"panel-12-0-0-2\" class=\"so-panel widget widget_sow-editor panel-last-child\" data-index=\"2\" ><div\n\t\t\t\n\t\t\tclass=\"so-widget-sow-editor so-widget-sow-editor-base\"\n\t\t\t\n\t\t>\n<div class=\"siteorigin-widget-tinymce textwidget\">\n\t<p>Unsere Aufgabe als <span style=\"color: #0e064d;\"><b>DECO International<\/b><\/span> (DIVING EMERGENCY CENTER ORGANIZATION) ist es, die medizinische Versorgung sowohl der Bade- und Tauch-Urlauber, als auch der ans\u00e4ssigen Bev\u00f6lkerung nachhaltig zu verbessern<span style=\"font-size: medium;\">.<\/span><b> <\/b><\/p>\n<p>In Zusammenarbeit mit \u00e4gyptischen und europ\u00e4ischen \u00c4rzten, ist in El Gouna ein Krankenhaus nach europ\u00e4ischen Ma\u00dfst\u00e4ben gebaut und 1998 er\u00f6ffnet worden. Das Krankenhaus verf\u00fcgt \u00fcber die Abteilungen: Chirurgie, Innere Medizin, Hals-Nasen-Ohrenheilkunde, Zahnmedizin, Radiologie, Computertomographie, Augenheilkunde, Kinderheilkunde, An\u00e4sthesie und Intensivmedizin.<\/p>\n<p>Weiterhin verf\u00fcgt das Krankenhaus \u00fcber ein - f\u00fcr Taucher besonders wichtig- modernes und leistungsf\u00e4higes Druckkammerzentrum. Au\u00dferdem stehen dem Krankenhaus ein eigener Rettungswagen und ein Ambulanzflugzeug am Flughafen vor Ort zur Verf\u00fcgung.<\/p>\n<p>Eine zweite <span style=\"color: #0e064d;\"><b>DECO International<\/b><\/span> Druckkammer ist im Oktober 2000 in Marsa Alam ,eine dritte Druckkammer wurde im Juli 2003 in Safaga, eine vierte Druckkammer im September 2005 in Dahab er\u00f6ffnet. Im Februar 2010 wurde die modernste und vollklimatisierte Druckkammer am Roten Meer in dem Hafen von Hamata 135 KM s\u00fcdlich von Marsa Alam er\u00f6ffnet. Weitere Druckkammer-Zentren sind in Vorbereitung, um fl\u00e4chendeckende Versorgung der Taucher zu gew\u00e4hrleisten. Die Druckkammerzentren sind eineKooperation deutscher und \u00e4gyptischer Taucher \u00c4rzte und verf\u00fcgen \u00fcber hochmoderne Mehrplatzkammern.<\/p>\n<p>In den Kammern k\u00f6nnen gleichzeitig sowohl liegende als auch sitzende Personen behandelt werden. \u00dcber eine Personal- und Medikamentenschleu\u00dfe ist eine umfassende Behandlung bei schwersten Tauchunf\u00e4llen m\u00f6glich. An den Kammern arbeiten ausschlie\u00dflich in der <a href=\"http:\/\/alt.deco-international.com\/de\/tauchmedizin\/index.php\" target=\"deco_haupt\">Tauchmedizin <\/a>erfahrene \u00c4rzte, die zus\u00e4tzlich durch deutsche Tauchmediziner erg\u00e4nzt werden.<\/p>\n<p>Neben ihrer Rolle als rettungs- und tauchmedizinische Zentren dienen die Druckkammerzenten auch als Fortbildungsst\u00e4tte ans\u00e4ssiger Tauchlehrer und Tauchbasispersonal.<\/p>\n<p>Die Druckkammern befinden sich in modernen Krankenh\u00e4usern mit allen notwendigen Fachrichtungen und Intensivstationen ,was enorm wichtig ist, um schwere Tauchunf\u00e4lle behandeln zu k\u00f6nnen.<\/p>\n<p>Die bekannten Tauchmediziner aus Deutschland, Prof. Dr.Claus Martin Muth und Dr. med. Fadel El Fayoumi arbeiten mit einheimischen Spezialisten zusammen, um die Sicherheit aller Taucher nach deutschem Standard zu gew\u00e4hrleisten. Wir sind Partner aller gro\u00dfen europ\u00e4ischen Versicherungsgesellschaften, Universit\u00e4tskliniken und Marine Instituten<\/p>\n<p>D.E.C.O. ist eine gemeinn\u00fctzige Organisation und investiert s\u00e4mtliche Gewinne in neue Einrichtungen, die der Sicherheit der Taucher am roten Meer dienen. Unsere Zentren bieten eine kostenlose medizinische Versorgung der hiesigen Bev\u00f6lkerung an.<\/p>\n<p><span style=\"color: #0e064d;\"><b>Leistungen der Druckkammerzentren:<\/b><\/span><\/p>\n<ul>\n<li>Tauchmedizinische Seminare f\u00fcr Tauchlehrer und Taucher\u00e4rzte.<\/li>\n<li>Tauchtauglichkeitsuntersuchung vor Ort. Enge Kooperation mit den anderen<\/li>\n<li>Enge Kooperation mit den allen Abteilungen der Krankenh\u00e4user in \u00c4gypten und mit Universit\u00e4tskliniken in Deutschland.<\/li>\n<li>Druckkammerbehandlung bei Tauchunf\u00e4llen.<\/li>\n<\/ul>\n<p>&nbsp;<\/p>\n<p>Es wird eine 24-st\u00fcndige Bereitschaft der Druckkammer\u00e4rzte vor Ort gew\u00e4hrleistet. Im Falle eines Tauchunfalls wird eine notfallm\u00e4\u00dfige Druckkammerbehandlung ohne Kl\u00e4rung einer Kostenfrage durchgef\u00fchrt. Zu dieser notfallm\u00e4\u00dfigen Behandlung geh\u00f6ren:<\/p>\n<ul>\n<li>Die gr\u00fcndliche tauchmedizinische Untersuchung des Verunfallten an der Kammer.<\/li>\n<li>Vorbereitende Ma\u00dfnahmen am Patienten zur Durchf\u00fchrung der Druckkammertherapie.<\/li>\n<li>Die erste Behandlung, durchgef\u00fchrt nach den Richtlinien der Gesellschaft f\u00fcr Tauch- und \u00dcberdruckmedizin (GT\u00dcM).<\/li>\n<\/ul>\n<\/div>\n<\/div><\/div><\/div><\/div><\/div>","protected":false},"excerpt":{"rendered":"<p>\u00dcber DECO International Unsere Aufgabe als DECO International (DIVING EMERGENCY CENTER ORGANIZATION) ist es, die medizinische Versorgung sowohl der Bade- und Tauch-Urlauber, als auch der ans\u00e4ssigen Bev\u00f6lkerung nachhaltig zu verbessern. In Zusammenarbeit mit \u00e4gyptischen und europ\u00e4ischen \u00c4rzten, ist in El Gouna ein Krankenhaus nach europ\u00e4ischen Ma\u00dfst\u00e4ben gebaut und 1998 er\u00f6ffnet worden. Das Krankenhaus verf\u00fcgt \u00fcber die Abteilungen: Chirurgie, Innere Medizin,&hellip;<\/p>\n<p class=\"read-more\"><a class=\"btn btn-default\" href=\"https:\/\/www.deco-international.com\/?page_id=12\">Mehr Lesen<span class=\"screen-reader-text\">  Read More<\/span><\/a><\/p>\n","protected":false},"author":5,"featured_media":0,"parent":41,"menu_order":0,"comment_status":"closed","ping_status":"closed","template":"","meta":{"footnotes":""},"class_list":["post-12","page","type-page","status-publish","hentry"],"_links":{"self":[{"href":"https:\/\/www.deco-international.com\/index.php?rest_route=\/wp\/v2\/pages\/12","targetHints":{"allow":["GET"]}}],"collection":[{"href":"https:\/\/www.deco-international.com\/index.php?rest_route=\/wp\/v2\/pages"}],"about":[{"href":"https:\/\/www.deco-international.com\/index.php?rest_route=\/wp\/v2\/types\/page"}],"author":[{"embeddable":true,"href":"https:\/\/www.deco-international.com\/index.php?rest_route=\/wp\/v2\/users\/5"}],"replies":[{"embeddable":true,"href":"https:\/\/www.deco-international.com\/index.php?rest_route=%2Fwp%2Fv2%2Fcomments&post=12"}],"version-history":[{"count":12,"href":"https:\/\/www.deco-international.com\/index.php?rest_route=\/wp\/v2\/pages\/12\/revisions"}],"predecessor-version":[{"id":585,"href":"https:\/\/www.deco-international.com\/index.php?rest_route=\/wp\/v2\/pages\/12\/revisions\/585"}],"up":[{"embeddable":true,"href":"https:\/\/www.deco-international.com\/index.php?rest_route=\/wp\/v2\/pages\/41"}],"wp:attachment":[{"href":"https:\/\/www.deco-international.com\/index.php?rest_route=%2Fwp%2Fv2%2Fmedia&parent=12"}],"curies":[{"name":"wp","href":"https:\/\/api.w.org\/{rel}","templated":true}]}}