{"id":220,"date":"2018-07-07T08:32:22","date_gmt":"2018-07-07T06:32:22","guid":{"rendered":"http:\/\/www.deco-international.com\/?page_id=220"},"modified":"2024-02-10T18:28:41","modified_gmt":"2024-02-10T17:28:41","slug":"links-2","status":"publish","type":"page","link":"https:\/\/www.deco-international.com\/?page_id=220&lang=en","title":{"rendered":"Links"},"content":{"rendered":"<h2 style=\"text-align: center;\">Links<\/h2>\n<p><img loading=\"lazy\" decoding=\"async\" class=\"alignnone wp-image-86\" src=\"https:\/\/www.deco-international.com\/wp-content\/uploads\/2018\/06\/logo_deco_klein_map.png\" alt=\"\" width=\"43\" height=\"42\">&nbsp; <strong>Diving centers<br \/>\n<\/strong><\/p>\n<ul>\n<li><a href=\"http:\/\/www.planet-one-diving.com\" target=\"_blank\" rel=\"noopener noreferrer\">Amr Diving Safari<\/a><\/li>\n<li><a href=\"http:\/\/www.bluebrothersdiving.de\/\" target=\"_blank\" rel=\"noopener noreferrer\">Blue Brothers Diving<\/a><\/li>\n<li><a href=\"http:\/\/www.divetribe.com\/german\/default.asp\" target=\"_blank\" rel=\"noopener noreferrer\">The Dive Tribe<\/a><\/li>\n<li><a href=\"http:\/\/www.tgidiving.com\/\" target=\"_blank\" rel=\"noopener noreferrer\">TGI El Gouna<\/a><\/li>\n<li><a href=\"http:\/\/www.blue-water-dive.com\" target=\"_blank\" rel=\"noopener noreferrer\">Blue Water Dive<\/a><\/li>\n<li><a href=\"http:\/\/www.extra-divers.de\" target=\"_blank\" rel=\"noopener noreferrer\">Extra Divers<\/a><\/li>\n<li><a href=\"http:\/\/www.dive-trek.com\" target=\"_blank\" rel=\"noopener noreferrer\">Dive Trek<\/a><\/li>\n<li><a href=\"http:\/\/www.diveconnection.com\" target=\"_blank\" rel=\"noopener noreferrer\">Dive connection<\/a><\/li>\n<li><a href=\"http:\/\/www.easydivers-academy.com\" target=\"_blank\" rel=\"noopener noreferrer\">Easy Divers<\/a><\/li>\n<li><a href=\"http:\/\/www.colona.com\" target=\"_blank\" rel=\"noopener noreferrer\">Colona<\/a><\/li>\n<li><a href=\"http:\/\/www.euro-divers.com\/e0142.asp\" target=\"_blank\" rel=\"noopener noreferrer\">Euro Divers<\/a><\/li>\n<li><a href=\"http:\/\/www.hurghadadive.de\" target=\"_blank\" rel=\"noopener noreferrer\">Hor Palace&nbsp;<\/a><\/li>\n<li><a href=\"http:\/\/www.deepblue-divers.com\" target=\"_blank\" rel=\"noopener noreferrer\">Deep Blue<\/a><\/li>\n<li><a href=\"http:\/\/www.emperordivers.com\" target=\"_blank\" rel=\"noopener noreferrer\">Emperor Divers<\/a><\/li>\n<li><a href=\"http:\/\/www.redseahorse.com\" target=\"_blank\" rel=\"noopener noreferrer\">Sea Horse<\/a><\/li>\n<li><a href=\"http:\/\/www.dive-point.com\" target=\"_blank\" rel=\"noopener noreferrer\">Dive Point<\/a><\/li>\n<li><a href=\"http:\/\/www.rolanddiving.de\/\" target=\"_blank\" rel=\"noopener noreferrer\">Roland Schumm<\/a><\/li>\n<li><a href=\"http:\/\/www.subaqua-divecenter.com\/\" target=\"_blank\" rel=\"noopener noreferrer\">Sub Aqua<\/a><\/li>\n<li><a href=\"http:\/\/www.alpharedsea.com\/\" target=\"_blank\" rel=\"noopener noreferrer\">Alpha Red Sea<\/a><\/li>\n<li><a href=\"http:\/\/www.barakuda-diving.com\" target=\"_blank\" rel=\"noopener noreferrer\">Barakuda<\/a><\/li>\n<li><a href=\"http:\/\/www.duneredsea.com\/\" target=\"_blank\" rel=\"noopener noreferrer\">Dune&nbsp;&nbsp;<\/a><\/li>\n<li><a href=\"http:\/\/www.red-sea.com\/mermaid\" target=\"_blank\" rel=\"noopener noreferrer\">Mermaid&nbsp;<\/a><\/li>\n<li><a href=\"http:\/\/www.shams-dive.com\" target=\"_blank\" rel=\"noopener noreferrer\">Shams Safaga<\/a><\/li>\n<li><a href=\"http:\/\/www.toms-diver-house.ch\" target=\"_blank\" rel=\"noopener noreferrer\">Toms Diver House<\/a><\/li>\n<li><a href=\"http:\/\/www.united-divers.net\/\" target=\"_blank\" rel=\"noopener noreferrer\">United Divers<\/a><\/li>\n<li><a href=\"http:\/\/www.menadive.com\" target=\"_blank\" rel=\"noopener noreferrer\">Menadive Safga<\/a><\/li>\n<li><a href=\"http:\/\/www.swdf.de\" target=\"_blank\" rel=\"noopener noreferrer\">Al Mashrabiya Diving Center<\/a><\/li>\n<li><a href=\"http:\/\/tsc-saarlorlux.de\/\" target=\"_blank\" rel=\"noopener noreferrer\">TSC &#8211; Saarlorlux<\/a><\/li>\n<li><a href=\"http:\/\/www.planet-one-diving.com\" target=\"_blank\" rel=\"noopener noreferrer\">Planet One Diving<\/a><\/li>\n<li><a href=\"http:\/\/www.nemodive.com\" target=\"_blank\" rel=\"noopener noreferrer\">Nemo Dive<\/a><\/li>\n<li><a href=\"http:\/\/www.shamsdivingcenters.com\" target=\"_blank\" rel=\"noopener noreferrer\">Shams diving Center<\/a><\/li>\n<li><a href=\"http:\/\/www.robinson.de\" target=\"_blank\" rel=\"noopener noreferrer\">Robinson Club<\/a><\/li>\n<li><a href=\"http:\/\/www.united-divers-safaga.net\" target=\"_blank\" rel=\"noopener noreferrer\">United Divers Safaga<\/a><\/li>\n<li><a href=\"http:\/\/www.safaga-paradise.de\" target=\"_blank\" rel=\"noopener noreferrer\">Safaga Paradise<\/a><\/li>\n<li><a href=\"http:\/\/www.sharmelnaga.com\/\" target=\"_blank\" rel=\"noopener noreferrer\">Sharm El Naga<\/a><\/li>\n<li><a href=\"http:\/\/www.freedom-divers.de\/\" target=\"_blank\" rel=\"noopener noreferrer\">Freedom Divers<\/a><\/li>\n<li><a href=\"http:\/\/www.freelife.pl\" target=\"_blank\" rel=\"noopener noreferrer\">Free Life<\/a><\/li>\n<li><a href=\"http:\/\/www.abcdreamdivers.com\" target=\"_blank\" rel=\"noopener noreferrer\">Abc Dream Divers<\/a><\/li>\n<li><a href=\"http:\/\/www.aqua-stars.com\" target=\"_blank\" rel=\"noopener noreferrer\">Aqua Stars<\/a><\/li>\n<li><a href=\"http:\/\/www.seawolf-diving.de\" target=\"_blank\" rel=\"noopener noreferrer\">Seawolf Diving Safari<\/a><\/li>\n<li><a href=\"http:\/\/www.abudabbablodge.com\" target=\"_blank\" rel=\"noopener noreferrer\">Abu Dabbab Lodge<\/a><\/li>\n<li><a href=\"http:\/\/www.golden-dolphin.net\" target=\"_blank\" rel=\"noopener noreferrer\">Golden dolphin<\/a><\/li>\n<li><a href=\"http:\/\/www.seaserpentfleet.com\/\" target=\"_blank\" rel=\"noopener noreferrer\">Sea Serpent fleet<\/a><\/li>\n<li><a href=\"http:\/\/www.divein.net\" target=\"_blank\" rel=\"noopener noreferrer\">dive in<\/a><\/li>\n<li><a href=\"http:\/\/www.diving.de\" target=\"_blank\" rel=\"noopener noreferrer\">diving.de<\/a><\/li>\n<li><a href=\"http:\/\/www.coraya-divers.com\" target=\"_blank\" rel=\"noopener noreferrer\">Coraya divers<\/a><\/li>\n<li><a href=\"http:\/\/www.subaqua-divecenter.com\" target=\"_blank\" rel=\"noopener noreferrer\">Subaqua Divecenter<\/a><\/li>\n<li><a href=\"http:\/\/www.aquaticdivers.net\" target=\"_blank\" rel=\"noopener noreferrer\">Aquatic divers<\/a><\/li>\n<li><a href=\"http:\/\/www.orientaldivers.de\" target=\"_blank\" rel=\"noopener noreferrer\">Oriental divers<\/a><\/li>\n<\/ul>\n<p>&nbsp;<\/p>\n<p>&nbsp;<\/p>\n<p><img loading=\"lazy\" decoding=\"async\" class=\"alignnone wp-image-86\" src=\"https:\/\/www.deco-international.com\/wp-content\/uploads\/2018\/06\/logo_deco_klein_map.png\" alt=\"\" width=\"43\" height=\"42\"><strong> Organisations<\/strong><\/p>\n<ul>\n<li><a href=\"http:\/\/www.andihq.com\/\" target=\"_blank\" rel=\"noopener noreferrer\">ANDI &#8211; American Nitrox Divers International<\/a><\/li>\n<li><a href=\"http:\/\/www.apneaplanet.com\/\" target=\"_blank\" rel=\"noopener noreferrer\">Apnoe-Sport in \u00d6sterreich<\/a><\/li>\n<li><a href=\"http:\/\/www.technicaldiving.de\/\" target=\"_blank\" rel=\"noopener noreferrer\">ATEC &#8211; Association of Technical Diving Instructors<\/a><\/li>\n<li><a href=\"http:\/\/www.barakuda.de\/\" target=\"_blank\" rel=\"noopener noreferrer\">Barakuda &#8211; International Aquanautic Club<\/a><\/li>\n<li><a href=\"http:\/\/www.cmas-germany.de\/\" target=\"_blank\" rel=\"noopener noreferrer\">CMAS Germany<\/a><\/li>\n<li><a href=\"http:\/\/www.cmas.ch\/\" target=\"_blank\" rel=\"noopener noreferrer\">CMAS Schweiz<\/a><\/li>\n<li><a href=\"https:\/\/www.deco-international.com\/\" target=\"_blank\" rel=\"noopener noreferrer\">DECO International &#8211; Diving Emergency Center Organization<\/a><\/li>\n<li><a href=\"http:\/\/www.diversalertnetwork.org\/\" target=\"_blank\" rel=\"noopener noreferrer\">DAN &#8211; Divers Alert Network<\/a><\/li>\n<li><a href=\"http:\/\/www.diwa-europa.de\/index.php\" target=\"_blank\" rel=\"noopener noreferrer\">DIWA<\/a><\/li>\n<li><a href=\"http:\/\/www.hsa-germany.de\/\" target=\"_blank\" rel=\"noopener noreferrer\">Handycapped Scuba Association Deutschland<\/a><\/li>\n<li><a href=\"http:\/\/www.hepca.com\/\" target=\"_blank\" rel=\"noopener noreferrer\">HEPCA<\/a><\/li>\n<li><a href=\"http:\/\/www.naui.org\/index-side.html\" target=\"_blank\" rel=\"noopener noreferrer\">NAUI &#8211; National Association of Underwater Instructors<\/a><\/li>\n<li><a href=\"http:\/\/www.padi.com\/\" target=\"_blank\" rel=\"noopener noreferrer\">PADI &#8211; Professional Association of Diving Instructors<\/a><\/li>\n<li><a href=\"http:\/\/www.pan-tec.de\/\" target=\"_blank\" rel=\"noopener noreferrer\">PAN &#8211; Professional Association for Underwater Technology<\/a><\/li>\n<li><a href=\"http:\/\/www.patd.org\/\" target=\"_blank\" rel=\"noopener noreferrer\">PATD &#8211; Professional Association for Technical Diving<\/a><\/li>\n<li><a href=\"http:\/\/www.rab-ev.de\/\" target=\"_blank\" rel=\"noopener noreferrer\">RAB &#8211; Rebreather Advisory Board<\/a><\/li>\n<li><a href=\"http:\/\/www.ssiusa.com\/\" target=\"_blank\" rel=\"noopener noreferrer\">SSI &#8211; Scuba Schools International<\/a><\/li>\n<li><a href=\"http:\/\/www.susv.ch\/\" target=\"_blank\" rel=\"noopener noreferrer\">SUSV &#8211; Schweizerischer Unterwassersport Verband<\/a><\/li>\n<li><a href=\"http:\/\/www.tdisdi.com\/\" target=\"_blank\" rel=\"noopener noreferrer\">TDI &#8211; Technical Diving International<\/a><\/li>\n<li><a href=\"http:\/\/www.tsvoe.or.at\/\" target=\"_blank\" rel=\"noopener noreferrer\">TSV \u00d6sterreich<\/a><\/li>\n<li><a href=\"http:\/\/www.uhms.org\/\" target=\"_blank\" rel=\"noopener noreferrer\">UHMS &#8211; Undersea and Hyperbaric Medical Society<\/a><\/li>\n<li><a href=\"http:\/\/www.vdd-hbo.de\/\" target=\"_blank\" rel=\"noopener noreferrer\">Verband Deutscher Druckkammerzentren e.V.<\/a><\/li>\n<li><a href=\"http:\/\/www.vdst.de\/\" target=\"_blank\" rel=\"noopener noreferrer\">VDST &#8211; Verband Deutscher Sporttaucher<\/a><\/li>\n<li><a href=\"http:\/\/www.vdtl.de\/\" target=\"_blank\" rel=\"noopener noreferrer\">VDTL &#8211; Verband Deutscher Tauchlehrer<\/a><\/li>\n<li><a href=\"http:\/\/www.vest-dive.de\/\" target=\"_blank\" rel=\"noopener noreferrer\">VEST &#8211; Verband Europ\u00e4ischer Tauchlehrer<\/a><\/li>\n<li><a href=\"http:\/\/www.vist-ev.de\/\" target=\"_blank\" rel=\"noopener noreferrer\">VIST &#8211; Verband Internationaler Sporttaucher e.V.<\/a><\/li>\n<li><a href=\"http:\/\/www.vit-2000.de\/\" target=\"_blank\" rel=\"noopener noreferrer\">VIT &#8211; Verband Internationaler Tauchschulen<\/a><\/li>\n<li><a href=\"http:\/\/www.wwda.de\/\" target=\"_blank\" rel=\"noopener noreferrer\">World Wrack Diving Association<\/a><\/li>\n<\/ul>\n<p>&nbsp;<\/p>\n<p>&nbsp;<\/p>\n<p><img loading=\"lazy\" decoding=\"async\" class=\"alignnone wp-image-86\" src=\"https:\/\/www.deco-international.com\/wp-content\/uploads\/2018\/06\/logo_deco_klein_map.png\" alt=\"\" width=\"43\" height=\"42\"><strong> Diving medicine<br \/>\n<\/strong><\/p>\n<ul>\n<li><a href=\"http:\/\/www.fayoumi.de\/\" target=\"_blank\" rel=\"noopener noreferrer\">Dr. Fadel El Fayoumi<\/a><\/li>\n<li><a href=\"http:\/\/www.baromedicine.org\/\" target=\"_blank\" rel=\"noopener noreferrer\">Baromedicine international<\/a><\/li>\n<li><a href=\"http:\/\/scuba-doc.com\/\" target=\"_blank\" rel=\"noopener noreferrer\">Diving Medicine Online<\/a><\/li>\n<li><a href=\"http:\/\/www.eubs.org\/\" target=\"_blank\" rel=\"noopener noreferrer\">EUBS &#8211; European Underwater and Baromedical Society<\/a><\/li>\n<li><a href=\"http:\/\/www.gtuem.org\/\" target=\"_blank\" rel=\"noopener noreferrer\">GT\u00dcM &#8211; Gesellschaft f\u00fcr Tauch- und \u00dcberdruckmedizin e.V.<\/a><\/li>\n<li><a href=\"http:\/\/www.oegth.at\/\" target=\"_blank\" rel=\"noopener noreferrer\">\u00d6GTH &#8211; \u00d6sterreichische Gesellschaft f\u00fcr Tauch- und Hyperbarmedizin<\/a><\/li>\n<li><a href=\"http:\/\/www.suhms.org\/\" target=\"_blank\" rel=\"noopener noreferrer\">SUHMS &#8211; Schweizerische Gesellschaft f\u00fcr Unterwasser-&nbsp;&amp; Hyperbarmedizin<\/a><\/li>\n<li><a href=\"http:\/\/www.tauchersprechstunde.de\/\" target=\"_blank\" rel=\"noopener noreferrer\">Die Tauchersprechstunde<\/a><\/li>\n<\/ul>\n<p>&nbsp;<\/p>\n<p>&nbsp;<\/p>\n<p><img loading=\"lazy\" decoding=\"async\" class=\"alignnone wp-image-86\" src=\"https:\/\/www.deco-international.com\/wp-content\/uploads\/2018\/06\/logo_deco_klein_map.png\" alt=\"\" width=\"43\" height=\"42\"><strong> Diving magazines<br \/>\n<\/strong><\/p>\n<ul>\n<li><a href=\"http:\/\/www.aquanaut.com\/\" target=\"_blank\" rel=\"noopener noreferrer\">Aquanaut<\/a><\/li>\n<li><a href=\"http:\/\/www.divenewzealand.com\/\" target=\"_blank\" rel=\"noopener noreferrer\">Dive New Zealand<\/a><\/li>\n<li><a href=\"http:\/\/www.divermag.com\/\" target=\"_blank\" rel=\"noopener noreferrer\">DIVER Magazine<\/a><\/li>\n<li><a href=\"http:\/\/www.goldendolphin.com\/\" target=\"_blank\" rel=\"noopener noreferrer\">Golden Dolphin<\/a><\/li>\n<li><a href=\"http:\/\/www.tauchen.de\/\" target=\"_blank\" rel=\"noopener noreferrer\"><em>tauchen<\/em><\/a><\/li>\n<li><a href=\"http:\/\/www.unterwasser.de\/\" target=\"_blank\" rel=\"noopener noreferrer\">unterwasser.de<\/a><\/li>\n<\/ul>\n<p>&nbsp;<\/p>\n<p>&nbsp;<\/p>\n<p><img loading=\"lazy\" decoding=\"async\" class=\"alignnone wp-image-86\" src=\"https:\/\/www.deco-international.com\/wp-content\/uploads\/2018\/06\/logo_deco_klein_map.png\" alt=\"\" width=\"43\" height=\"42\"><strong> Others<\/strong><\/p>\n<ul>\n<li><a href=\"http:\/\/www.elgouna.com\/\" target=\"_blank\" rel=\"noopener noreferrer\">El Gouna<\/a><\/li>\n<li><a href=\"http:\/\/www.el-gouna.de\/\" target=\"_blank\" rel=\"noopener noreferrer\">El Gouna.de<\/a><\/li>\n<li><a href=\"http:\/\/www.orascomhd.com\/\" target=\"_blank\" rel=\"noopener noreferrer\">ORASCOM<\/a><\/li>\n<li><a href=\"http:\/\/www.aegypten-online.de\/tour\/redsea.htm\" target=\"_blank\" rel=\"noopener noreferrer\">\u00c4gypten Online<\/a><\/li>\n<li><a href=\"http:\/\/www.fotoreiseberichte.de\/hurghada\/hurghada_rotesmeer.htm\" target=\"_blank\" rel=\"noopener noreferrer\">Rotes Meer, Korallen, Fische, Reiseberichte<\/a><\/li>\n<li><a href=\"http:\/\/%20www.heissinger-aegypten.de\/redsea_eg.html\" target=\"_blank\" rel=\"noopener noreferrer\">Rotes Meer &amp; Sinai<\/a><\/li>\n<li><a href=\"http:\/\/www.birdlist.org\/egypt.htm\" target=\"_blank\" rel=\"noopener noreferrer\">Egypt Bird List<\/a><\/li>\n<li><a href=\"http:\/\/www.stkparks.gov.eg\/\" target=\"_blank\" rel=\"noopener noreferrer\">St Katherine Protectorate<\/a><\/li>\n<li><a href=\"http:\/\/www.coralreefalliance.org\/\" target=\"_blank\" rel=\"noopener noreferrer\">Coral Reef Alliance<\/a><\/li>\n<li><a href=\"http:\/\/www.selket.de\/\" target=\"_blank\" rel=\"noopener noreferrer\">Das Alte \u00e4gypten<\/a><\/li>\n<li><a href=\"http:\/\/egypt.greatestdivesites.com\/\" target=\"_blank\" rel=\"noopener noreferrer\">Greatest Dive Sites<\/a><\/li>\n<li><a href=\"http:\/\/www.realty-redsea.com\/0__306_2_3_de_\/el-gouna-schoenes-stadthaus-mit-pool-3-schlafzimmer-komplett-eingerichtet-bezugsfaehig.html\" target=\"_blank\" rel=\"noopener noreferrer\">Immobilien<\/a><\/li>\n<li><a href=\"http:\/\/www.ferienhaus-elgouna.com\" target=\"_blank\" rel=\"noopener noreferrer\">Ferienhaus<\/a><\/li>\n<li><a href=\"http:\/\/www.visitoafrica.com\" target=\"_blank\" rel=\"noopener noreferrer\">visitoafrica &#8211; Travel Guides<\/a><\/li>\n<li><a href=\"http:\/\/www.diving-tom.de\" target=\"_blank\" rel=\"noopener noreferrer\">diving.Tom<\/a><\/li>\n<\/ul>\n<p>&nbsp;<\/p>\n","protected":false},"excerpt":{"rendered":"<p>Links &nbsp; Diving centers Amr Diving Safari Blue Brothers Diving The Dive Tribe TGI El Gouna Blue Water Dive Extra Divers Dive Trek Dive connection Easy Divers Colona Euro Divers Hor Palace&nbsp; Deep Blue Emperor Divers Sea Horse Dive Point Roland Schumm Sub Aqua Alpha Red Sea Barakuda Dune&nbsp;&nbsp; Mermaid&nbsp; Shams Safaga Toms Diver House United Divers Menadive Safga Al&hellip;<\/p>\n<p class=\"read-more\"><a class=\"btn btn-default\" href=\"https:\/\/www.deco-international.com\/?page_id=220&#038;lang=en\">Mehr Lesen<span class=\"screen-reader-text\">  Read More<\/span><\/a><\/p>\n","protected":false},"author":5,"featured_media":0,"parent":192,"menu_order":0,"comment_status":"closed","ping_status":"closed","template":"","meta":{"footnotes":""},"class_list":["post-220","page","type-page","status-publish","hentry"],"_links":{"self":[{"href":"https:\/\/www.deco-international.com\/index.php?rest_route=\/wp\/v2\/pages\/220","targetHints":{"allow":["GET"]}}],"collection":[{"href":"https:\/\/www.deco-international.com\/index.php?rest_route=\/wp\/v2\/pages"}],"about":[{"href":"https:\/\/www.deco-international.com\/index.php?rest_route=\/wp\/v2\/types\/page"}],"author":[{"embeddable":true,"href":"https:\/\/www.deco-international.com\/index.php?rest_route=\/wp\/v2\/users\/5"}],"replies":[{"embeddable":true,"href":"https:\/\/www.deco-international.com\/index.php?rest_route=%2Fwp%2Fv2%2Fcomments&post=220"}],"version-history":[{"count":4,"href":"https:\/\/www.deco-international.com\/index.php?rest_route=\/wp\/v2\/pages\/220\/revisions"}],"predecessor-version":[{"id":513,"href":"https:\/\/www.deco-international.com\/index.php?rest_route=\/wp\/v2\/pages\/220\/revisions\/513"}],"up":[{"embeddable":true,"href":"https:\/\/www.deco-international.com\/index.php?rest_route=\/wp\/v2\/pages\/192"}],"wp:attachment":[{"href":"https:\/\/www.deco-international.com\/index.php?rest_route=%2Fwp%2Fv2%2Fmedia&parent=220"}],"curies":[{"name":"wp","href":"https:\/\/api.w.org\/{rel}","templated":true}]}}